{"id":12,"date":"2019-10-22T06:59:27","date_gmt":"2019-10-22T06:59:27","guid":{"rendered":"https:\/\/demosoledad.pencidesign.net\/soledad-restaurant-mulitpurpose\/?page_id=12"},"modified":"2022-11-22T10:01:37","modified_gmt":"2022-11-22T10:01:37","slug":"reservation","status":"publish","type":"page","link":"https:\/\/restaurantesundown.com\/?page_id=12","title":{"rendered":"Reservation"},"content":{"rendered":"\t\t<div data-elementor-type=\"wp-page\" data-elementor-id=\"12\" class=\"elementor elementor-12\">\n\t\t\t\t\t\t\t\t\t<section class=\"penci-section penci-disSticky penci-structure-10 elementor-section elementor-top-section elementor-element elementor-element-dd83ee2 elementor-section-boxed elementor-section-height-default elementor-section-height-default\" data-id=\"dd83ee2\" data-element_type=\"section\" data-settings=\"{&quot;background_background&quot;:&quot;classic&quot;}\">\n\t\t\t\t\t\t<div class=\"elementor-container elementor-column-gap-no\">\n\t\t\t\t\t<div class=\"penci-ercol-100 penci-ercol-order-1 penci-sticky-ct  elementor-column elementor-col-100 elementor-top-column elementor-element elementor-element-1d6ec49\" data-id=\"1d6ec49\" data-element_type=\"column\">\n\t\t\t<div class=\"elementor-widget-wrap elementor-element-populated\">\n\t\t\t\t\t\t\t\t<div class=\"elementor-element elementor-element-f948e07 elementor-widget elementor-widget-penci-fancy_heading\" data-id=\"f948e07\" data-element_type=\"widget\" data-widget_type=\"penci-fancy_heading.default\">\n\t\t\t\t<div class=\"elementor-widget-container\">\n\t\t\t\t\t<div class=\"penci-fancy-heading penci-heading-text-center\">\r\n\t\t\t<div class=\"penci-fancy-heading-inner\">\r\n\t\t\t\t<h2 class=\"penci-heading-title\">Contactenos<\/h2>\t\t\t<\/div>\r\n\t\t<\/div>\r\n\t\t\t\t<\/div>\n\t\t\t\t<\/div>\n\t\t\t\t\t<\/div>\n\t\t<\/div>\n\t\t\t\t\t\t\t<\/div>\n\t\t<\/section>\n\t\t\t\t<section class=\"penci-section penci-disSticky penci-structure-20 elementor-section elementor-top-section elementor-element elementor-element-e9fb63e elementor-section-content-middle elementor-section-boxed elementor-section-height-default elementor-section-height-default\" data-id=\"e9fb63e\" data-element_type=\"section\">\n\t\t\t\t\t\t<div class=\"elementor-container elementor-column-gap-wider\">\n\t\t\t\t\t<div class=\"penci-ercol-50 penci-ercol-order-1 penci-sticky-ct  elementor-column elementor-col-50 elementor-top-column elementor-element elementor-element-15cbd8c\" data-id=\"15cbd8c\" data-element_type=\"column\">\n\t\t\t<div class=\"elementor-widget-wrap elementor-element-populated\">\n\t\t\t\t\t\t\t\t<div class=\"elementor-element elementor-element-29b0e3a elementor-widget elementor-widget-penci-info-box\" data-id=\"29b0e3a\" data-element_type=\"widget\" data-widget_type=\"penci-info-box.default\">\n\t\t\t\t<div class=\"elementor-widget-container\">\n\t\t\t\t\t<div id=\"penci_info_box_48462\" class=\"penci-block-vc penci-info-box penci-ibox-float-left penci-view-stacked penci-shape-circle\">\r\n\t\t\t<div class=\"penci-ibox-inner penci-animation-grow\">\r\n\t\t\t\t\t\t\t\t<div class=\"penci-ibox-icon penci-ibox-icon--icon penci-icon penci-tibox-icon\"><span class=\"penci-ibox-icon-fa\"><i class=\"penci-ibox-icon--i fa fa-map-pin\" aria-hidden=\"true\"><\/i><\/span><\/div>\t\t\t\t<div class=\"penci-ibox-content-wrap\">\r\n\t\t\t\t\t\t\t\t\t\t<h3 class=\"penci-ibox-title\">Direcci\u00f3n<\/h3>\t\t\t\t\t\t\t\t\t\t<div class=\"penci-ibox-content\"><p>Rambla del Poblenou, 85, 08005 Barcelona<\/p>\n<\/div>\t\t\t\t\t\t\t\t\t<\/div>\r\n\t\t\t<\/div>\r\n\t\t<\/div>\r\n\t\t\t\t<\/div>\n\t\t\t\t<\/div>\n\t\t\t\t<div class=\"elementor-element elementor-element-7d2d999 elementor-widget elementor-widget-penci-info-box\" data-id=\"7d2d999\" data-element_type=\"widget\" data-widget_type=\"penci-info-box.default\">\n\t\t\t\t<div class=\"elementor-widget-container\">\n\t\t\t\t\t<div id=\"penci_info_box_84121\" class=\"penci-block-vc penci-info-box penci-ibox-float-left penci-view-stacked penci-shape-circle\">\r\n\t\t\t<div class=\"penci-ibox-inner penci-animation-grow\">\r\n\t\t\t\t\t\t\t\t<div class=\"penci-ibox-icon penci-ibox-icon--icon penci-icon penci-tibox-icon\"><span class=\"penci-ibox-icon-fa\"><i class=\"penci-ibox-icon--i fa fa-envelope\" aria-hidden=\"true\"><\/i><\/span><\/div>\t\t\t\t<div class=\"penci-ibox-content-wrap\">\r\n\t\t\t\t\t\t\t\t\t\t<h3 class=\"penci-ibox-title\">Correo electr\u00f3nico<\/h3>\t\t\t\t\t\t\t\t\t\t<div class=\"penci-ibox-content\"><p>restaurantesundown@gmail.com<\/p>\n<\/div>\t\t\t\t\t\t\t\t\t<\/div>\r\n\t\t\t<\/div>\r\n\t\t<\/div>\r\n\t\t\t\t<\/div>\n\t\t\t\t<\/div>\n\t\t\t\t<div class=\"elementor-element elementor-element-cea5400 elementor-widget elementor-widget-penci-info-box\" data-id=\"cea5400\" data-element_type=\"widget\" data-widget_type=\"penci-info-box.default\">\n\t\t\t\t<div class=\"elementor-widget-container\">\n\t\t\t\t\t<div id=\"penci_info_box_84078\" class=\"penci-block-vc penci-info-box penci-ibox-float-left penci-view-stacked penci-shape-circle\">\r\n\t\t\t<div class=\"penci-ibox-inner penci-animation-grow\">\r\n\t\t\t\t\t\t\t\t<div class=\"penci-ibox-icon penci-ibox-icon--icon penci-icon penci-tibox-icon\"><span class=\"penci-ibox-icon-fa\"><i class=\"penci-ibox-icon--i fa fa-mobile\" aria-hidden=\"true\"><\/i><\/span><\/div>\t\t\t\t<div class=\"penci-ibox-content-wrap\">\r\n\t\t\t\t\t\t\t\t\t\t<h3 class=\"penci-ibox-title\">Tel\u00e9fono<\/h3>\t\t\t\t\t\t\t\t\t\t<div class=\"penci-ibox-content\"><p>+34653097621<\/p>\n<\/div>\t\t\t\t\t\t\t\t\t<\/div>\r\n\t\t\t<\/div>\r\n\t\t<\/div>\r\n\t\t\t\t<\/div>\n\t\t\t\t<\/div>\n\t\t\t\t\t<\/div>\n\t\t<\/div>\n\t\t\t\t<div class=\"penci-ercol-50 penci-ercol-order-2 penci-sticky-ct  elementor-column elementor-col-50 elementor-top-column elementor-element elementor-element-777395d\" data-id=\"777395d\" data-element_type=\"column\" data-settings=\"{&quot;background_background&quot;:&quot;classic&quot;}\">\n\t\t\t<div class=\"elementor-widget-wrap elementor-element-populated\">\n\t\t\t\t\t\t\t\t<div class=\"elementor-element elementor-element-1729eb2 elementor-widget elementor-widget-penci-fancy_heading\" data-id=\"1729eb2\" data-element_type=\"widget\" data-widget_type=\"penci-fancy_heading.default\">\n\t\t\t\t<div class=\"elementor-widget-container\">\n\t\t\t\t\t<div class=\"penci-fancy-heading penci-heading-text-left\">\r\n\t\t\t<div class=\"penci-fancy-heading-inner\">\r\n\t\t\t\t<h2 class=\"penci-heading-title\">Contacte con Nosotros<\/h2>\t\t\t<\/div>\r\n\t\t<\/div>\r\n\t\t\t\t<\/div>\n\t\t\t\t<\/div>\n\t\t\t\t<div class=\"elementor-element elementor-element-b012334 elementor-widget elementor-widget-shortcode\" data-id=\"b012334\" data-element_type=\"widget\" data-widget_type=\"shortcode.default\">\n\t\t\t\t<div class=\"elementor-widget-container\">\n\t\t\t\t\t<div class=\"elementor-shortcode\">\n<div class=\"wpcf7 no-js\" id=\"wpcf7-f4-o1\" lang=\"es-ES\" dir=\"ltr\" data-wpcf7-id=\"4\">\n<div class=\"screen-reader-response\"><p role=\"status\" aria-live=\"polite\" aria-atomic=\"true\"><\/p> <ul><\/ul><\/div>\n<form action=\"\/index.php?rest_route=%2Fwp%2Fv2%2Fpages%2F12#wpcf7-f4-o1\" method=\"post\" class=\"wpcf7-form init\" aria-label=\"Formulario de contacto\" novalidate=\"novalidate\" data-status=\"init\">\n<fieldset class=\"hidden-fields-container\"><input type=\"hidden\" name=\"_wpcf7\" value=\"4\" \/><input type=\"hidden\" name=\"_wpcf7_version\" value=\"6.1.5\" \/><input type=\"hidden\" name=\"_wpcf7_locale\" value=\"es_ES\" \/><input type=\"hidden\" name=\"_wpcf7_unit_tag\" value=\"wpcf7-f4-o1\" \/><input type=\"hidden\" name=\"_wpcf7_container_post\" value=\"0\" \/><input type=\"hidden\" name=\"_wpcf7_posted_data_hash\" value=\"\" \/>\n<\/fieldset>\n<p><label> Tu nombre<br \/>\n<span class=\"wpcf7-form-control-wrap\" data-name=\"your-name\"><input size=\"40\" maxlength=\"400\" class=\"wpcf7-form-control wpcf7-text wpcf7-validates-as-required\" aria-required=\"true\" aria-invalid=\"false\" value=\"\" type=\"text\" name=\"your-name\" \/><\/span> <\/label>\n<\/p>\n<p><label> Tu correo electr\u00f3nico<br \/>\n<span class=\"wpcf7-form-control-wrap\" data-name=\"your-email\"><input size=\"40\" maxlength=\"400\" class=\"wpcf7-form-control wpcf7-email wpcf7-validates-as-required wpcf7-text wpcf7-validates-as-email\" aria-required=\"true\" aria-invalid=\"false\" value=\"\" type=\"email\" name=\"your-email\" \/><\/span> <\/label>\n<\/p>\n<p><label> Asunto<br \/>\n<span class=\"wpcf7-form-control-wrap\" data-name=\"your-subject\"><input size=\"40\" maxlength=\"400\" class=\"wpcf7-form-control wpcf7-text wpcf7-validates-as-required\" aria-required=\"true\" aria-invalid=\"false\" value=\"\" type=\"text\" name=\"your-subject\" \/><\/span> <\/label>\n<\/p>\n<p><label> Tu mensaje (opcional)<br \/>\n<span class=\"wpcf7-form-control-wrap\" data-name=\"your-message\"><textarea cols=\"40\" rows=\"10\" maxlength=\"2000\" class=\"wpcf7-form-control wpcf7-textarea\" aria-invalid=\"false\" name=\"your-message\"><\/textarea><\/span> <\/label>\n<\/p>\n<p><input class=\"wpcf7-form-control wpcf7-submit has-spinner\" type=\"submit\" value=\"Enviar\" \/>\n<\/p><div class=\"wpcf7-response-output\" aria-hidden=\"true\"><\/div>\n<\/form>\n<\/div>\n<\/div>\n\t\t\t\t<\/div>\n\t\t\t\t<\/div>\n\t\t\t\t\t<\/div>\n\t\t<\/div>\n\t\t\t\t\t\t\t<\/div>\n\t\t<\/section>\n\t\t\t\t<section class=\"penci-section penci-disSticky penci-structure-20 elementor-section elementor-top-section elementor-element elementor-element-54136e43 elementor-section-full_width elementor-section-content-middle elementor-section-height-default elementor-section-height-default\" data-id=\"54136e43\" data-element_type=\"section\">\n\t\t\t\t\t\t<div class=\"elementor-container elementor-column-gap-no\">\n\t\t\t\t\t<div class=\"penci-ercol-50 penci-ercol-order-1 penci-sticky-ct  elementor-column elementor-col-50 elementor-top-column elementor-element elementor-element-572b33f6\" data-id=\"572b33f6\" data-element_type=\"column\" data-settings=\"{&quot;background_background&quot;:&quot;slideshow&quot;,&quot;background_slideshow_gallery&quot;:[{&quot;id&quot;:135,&quot;url&quot;:&quot;https:\\\/\\\/restaurantesundown.com\\\/wp-content\\\/uploads\\\/2021\\\/12\\\/WhatsApp-Image-2021-12-08-at-18.53.04-4.jpeg&quot;},{&quot;id&quot;:134,&quot;url&quot;:&quot;https:\\\/\\\/restaurantesundown.com\\\/wp-content\\\/uploads\\\/2021\\\/12\\\/WhatsApp-Image-2021-12-08-at-18.53.04-2.jpeg&quot;}],&quot;background_slideshow_loop&quot;:&quot;yes&quot;,&quot;background_slideshow_slide_duration&quot;:5000,&quot;background_slideshow_slide_transition&quot;:&quot;fade&quot;,&quot;background_slideshow_transition_duration&quot;:500}\">\n\t\t\t<div class=\"elementor-widget-wrap\">\n\t\t\t\t\t\t\t\t\t<\/div>\n\t\t<\/div>\n\t\t\t\t<div class=\"penci-ercol-50 penci-ercol-order-2 penci-sticky-ct  elementor-column elementor-col-50 elementor-top-column elementor-element elementor-element-1952953\" data-id=\"1952953\" data-element_type=\"column\" data-settings=\"{&quot;background_background&quot;:&quot;classic&quot;}\">\n\t\t\t<div class=\"elementor-widget-wrap elementor-element-populated\">\n\t\t\t\t\t\t\t\t<div class=\"elementor-element elementor-element-66a5099d elementor-widget elementor-widget-penci-fancy_heading\" data-id=\"66a5099d\" data-element_type=\"widget\" data-widget_type=\"penci-fancy_heading.default\">\n\t\t\t\t<div class=\"elementor-widget-container\">\n\t\t\t\t\t<div class=\"penci-fancy-heading penci-heading-text-center\">\r\n\t\t\t<div class=\"penci-fancy-heading-inner\">\r\n\t\t\t\t<h2 class=\"penci-heading-title\">Horario<\/h2>\t\t\t<\/div>\r\n\t\t<\/div>\r\n\t\t\t\t<\/div>\n\t\t\t\t<\/div>\n\t\t\t\t<div class=\"elementor-element elementor-element-9afbf26 elementor-widget elementor-widget-penci-open-hour\" data-id=\"9afbf26\" data-element_type=\"widget\" data-widget_type=\"penci-open-hour.default\">\n\t\t\t\t<div class=\"elementor-widget-container\">\n\t\t\t\t\t<div class=\"penci-block-vc penci-working-hours\">\r\n\t\t\t\t\t\t<div class=\"penci-block_content\">\r\n\t\t\t\t<div class=\"penci-workingh-lists\">\r\n\t\t\t\t\t<ul>\r\n\t\t\t\t\t\t\t\t\t\t\t\t\t<li class=\"penci-workingh-item\">\r\n\t\t\t\t\t\t\t\t<div class=\"penci-workingh-item-inner\">\r\n\t\t\t\t\t\t\t\t\t<div class=\"penci-workingh-line1\">\r\n\t\t\t\t\t\t\t\t\t\t<div class=\"penci-icontitle\">\r\n\t\t\t\t\t\t\t\t\t\t\t<i class=\"penci-listitem-icon fa fa-clock-o\"><\/i><span class=\"penci-listitem-title\">Lunes<\/span>\t\t\t\t\t\t\t\t\t\t<\/div>\r\n\t\t\t\t\t\t\t\t\t\t<span class=\"penci-listitem-hours\">12:00 - 23:00<\/span>\t\t\t\t\t\t\t\t\t<\/div>\r\n\t\t\t\t\t\t\t\t\t\t\t\t\t\t\t\t\t<\/div>\r\n\t\t\t\t\t\t\t<\/li>\r\n\t\t\t\t\t\t\t\t\t\t\t\t\t<li class=\"penci-workingh-item\">\r\n\t\t\t\t\t\t\t\t<div class=\"penci-workingh-item-inner\">\r\n\t\t\t\t\t\t\t\t\t<div class=\"penci-workingh-line1\">\r\n\t\t\t\t\t\t\t\t\t\t<div class=\"penci-icontitle\">\r\n\t\t\t\t\t\t\t\t\t\t\t<i class=\"penci-listitem-icon fa fa-clock-o\"><\/i><span class=\"penci-listitem-title\">Martes<\/span>\t\t\t\t\t\t\t\t\t\t<\/div>\r\n\t\t\t\t\t\t\t\t\t\t<span class=\"penci-listitem-hours\">12:00 - 23:00<\/span>\t\t\t\t\t\t\t\t\t<\/div>\r\n\t\t\t\t\t\t\t\t\t\t\t\t\t\t\t\t\t<\/div>\r\n\t\t\t\t\t\t\t<\/li>\r\n\t\t\t\t\t\t\t\t\t\t\t\t\t<li class=\"penci-workingh-item\">\r\n\t\t\t\t\t\t\t\t<div class=\"penci-workingh-item-inner\">\r\n\t\t\t\t\t\t\t\t\t<div class=\"penci-workingh-line1\">\r\n\t\t\t\t\t\t\t\t\t\t<div class=\"penci-icontitle\">\r\n\t\t\t\t\t\t\t\t\t\t\t<i class=\"penci-listitem-icon fa fa-clock-o\"><\/i><span class=\"penci-listitem-title\">Miercoles<\/span>\t\t\t\t\t\t\t\t\t\t<\/div>\r\n\t\t\t\t\t\t\t\t\t\t<span class=\"penci-listitem-hours\">12:00 - 23:00<\/span>\t\t\t\t\t\t\t\t\t<\/div>\r\n\t\t\t\t\t\t\t\t\t\t\t\t\t\t\t\t\t<\/div>\r\n\t\t\t\t\t\t\t<\/li>\r\n\t\t\t\t\t\t\t\t\t\t\t\t\t<li class=\"penci-workingh-item\">\r\n\t\t\t\t\t\t\t\t<div class=\"penci-workingh-item-inner\">\r\n\t\t\t\t\t\t\t\t\t<div class=\"penci-workingh-line1\">\r\n\t\t\t\t\t\t\t\t\t\t<div class=\"penci-icontitle\">\r\n\t\t\t\t\t\t\t\t\t\t\t<i class=\"penci-listitem-icon fa fa-clock-o\"><\/i><span class=\"penci-listitem-title\">Jueves<\/span>\t\t\t\t\t\t\t\t\t\t<\/div>\r\n\t\t\t\t\t\t\t\t\t\t<span class=\"penci-listitem-hours\">12:00 - 23:00<\/span>\t\t\t\t\t\t\t\t\t<\/div>\r\n\t\t\t\t\t\t\t\t\t\t\t\t\t\t\t\t\t<\/div>\r\n\t\t\t\t\t\t\t<\/li>\r\n\t\t\t\t\t\t\t\t\t\t\t\t\t<li class=\"penci-workingh-item\">\r\n\t\t\t\t\t\t\t\t<div class=\"penci-workingh-item-inner\">\r\n\t\t\t\t\t\t\t\t\t<div class=\"penci-workingh-line1\">\r\n\t\t\t\t\t\t\t\t\t\t<div class=\"penci-icontitle\">\r\n\t\t\t\t\t\t\t\t\t\t\t<i class=\"penci-listitem-icon fa fa-clock-o\"><\/i><span class=\"penci-listitem-title\">Viernes<\/span>\t\t\t\t\t\t\t\t\t\t<\/div>\r\n\t\t\t\t\t\t\t\t\t\t<span class=\"penci-listitem-hours\">12:00 - 00:00<\/span>\t\t\t\t\t\t\t\t\t<\/div>\r\n\t\t\t\t\t\t\t\t\t\t\t\t\t\t\t\t\t<\/div>\r\n\t\t\t\t\t\t\t<\/li>\r\n\t\t\t\t\t\t\t\t\t\t\t\t\t<li class=\"penci-workingh-item\">\r\n\t\t\t\t\t\t\t\t<div class=\"penci-workingh-item-inner\">\r\n\t\t\t\t\t\t\t\t\t<div class=\"penci-workingh-line1\">\r\n\t\t\t\t\t\t\t\t\t\t<div class=\"penci-icontitle\">\r\n\t\t\t\t\t\t\t\t\t\t\t<i class=\"penci-listitem-icon fa fa-clock-o\"><\/i><span class=\"penci-listitem-title\">Sabado<\/span>\t\t\t\t\t\t\t\t\t\t<\/div>\r\n\t\t\t\t\t\t\t\t\t\t<span class=\"penci-listitem-hours\">12:00 - 00:00<\/span>\t\t\t\t\t\t\t\t\t<\/div>\r\n\t\t\t\t\t\t\t\t\t\t\t\t\t\t\t\t\t<\/div>\r\n\t\t\t\t\t\t\t<\/li>\r\n\t\t\t\t\t\t\t\t\t\t\t\t\t<li class=\"penci-workingh-item\">\r\n\t\t\t\t\t\t\t\t<div class=\"penci-workingh-item-inner\">\r\n\t\t\t\t\t\t\t\t\t<div class=\"penci-workingh-line1\">\r\n\t\t\t\t\t\t\t\t\t\t<div class=\"penci-icontitle\">\r\n\t\t\t\t\t\t\t\t\t\t\t<i class=\"penci-listitem-icon fa fa-clock-o\"><\/i><span class=\"penci-listitem-title\">Domingo<\/span>\t\t\t\t\t\t\t\t\t\t<\/div>\r\n\t\t\t\t\t\t\t\t\t\t<span class=\"penci-listitem-hours\">12:00 - 23:00<\/span>\t\t\t\t\t\t\t\t\t<\/div>\r\n\t\t\t\t\t\t\t\t\t\t\t\t\t\t\t\t\t<\/div>\r\n\t\t\t\t\t\t\t<\/li>\r\n\t\t\t\t\t\t\r\n\t\t\t\t\t<\/ul>\r\n\t\t\t\t<\/div>\r\n\t\t\t<\/div>\r\n\t\t<\/div>\r\n\t\t\t\t<\/div>\n\t\t\t\t<\/div>\n\t\t\t\t\t<\/div>\n\t\t<\/div>\n\t\t\t\t\t\t\t<\/div>\n\t\t<\/section>\n\t\t\t\t\t\t\t<\/div>\n\t\t","protected":false},"excerpt":{"rendered":"<p>Contactenos Direcci\u00f3n Rambla del Poblenou, 85, 08005 Barcelona Correo electr\u00f3nico restaurantesundown@gmail.com Tel\u00e9fono +34653097621 Contacte con Nosotros Horario Lunes 12:00 &#8211; 23:00 Martes 12:00 &#8211; 23:00 Miercoles 12:00 &#8211; 23:00 Jueves&hellip;<\/p>\n","protected":false},"author":1,"featured_media":0,"parent":0,"menu_order":0,"comment_status":"closed","ping_status":"closed","template":"","meta":{"footnotes":""},"class_list":["post-12","page","type-page","status-publish","hentry"],"yoast_head":"<!-- This site is optimized with the Yoast SEO plugin v27.4 - https:\/\/yoast.com\/product\/yoast-seo-wordpress\/ -->\n<title>Reservation - Restaurante Sundown<\/title>\n<meta name=\"robots\" content=\"index, follow, max-snippet:-1, max-image-preview:large, max-video-preview:-1\" \/>\n<link rel=\"canonical\" href=\"https:\/\/restaurantesundown.com\/?page_id=12\" \/>\n<meta property=\"og:locale\" content=\"es_ES\" \/>\n<meta property=\"og:type\" content=\"article\" \/>\n<meta property=\"og:title\" content=\"Reservation - Restaurante Sundown\" \/>\n<meta property=\"og:description\" content=\"Contactenos Direcci\u00f3n Rambla del Poblenou, 85, 08005 Barcelona Correo electr\u00f3nico restaurantesundown@gmail.com Tel\u00e9fono +34653097621 Contacte con Nosotros Horario Lunes 12:00 &#8211; 23:00 Martes 12:00 &#8211; 23:00 Miercoles 12:00 &#8211; 23:00 Jueves&hellip;\" \/>\n<meta property=\"og:url\" content=\"https:\/\/restaurantesundown.com\/?page_id=12\" \/>\n<meta property=\"og:site_name\" content=\"Restaurante Sundown\" \/>\n<meta property=\"article:modified_time\" content=\"2022-11-22T10:01:37+00:00\" \/>\n<meta name=\"twitter:card\" content=\"summary_large_image\" \/>\n<meta name=\"twitter:label1\" content=\"Tiempo de lectura\" \/>\n\t<meta name=\"twitter:data1\" content=\"1 minuto\" \/>\n<script type=\"application\/ld+json\" class=\"yoast-schema-graph\">{\"@context\":\"https:\\\/\\\/schema.org\",\"@graph\":[{\"@type\":\"WebPage\",\"@id\":\"https:\\\/\\\/restaurantesundown.com\\\/?page_id=12\",\"url\":\"https:\\\/\\\/restaurantesundown.com\\\/?page_id=12\",\"name\":\"Reservation - Restaurante Sundown\",\"isPartOf\":{\"@id\":\"https:\\\/\\\/restaurantesundown.com\\\/#website\"},\"datePublished\":\"2019-10-22T06:59:27+00:00\",\"dateModified\":\"2022-11-22T10:01:37+00:00\",\"breadcrumb\":{\"@id\":\"https:\\\/\\\/restaurantesundown.com\\\/?page_id=12#breadcrumb\"},\"inLanguage\":\"es\",\"potentialAction\":[{\"@type\":\"ReadAction\",\"target\":[\"https:\\\/\\\/restaurantesundown.com\\\/?page_id=12\"]}]},{\"@type\":\"BreadcrumbList\",\"@id\":\"https:\\\/\\\/restaurantesundown.com\\\/?page_id=12#breadcrumb\",\"itemListElement\":[{\"@type\":\"ListItem\",\"position\":1,\"name\":\"Portada\",\"item\":\"https:\\\/\\\/restaurantesundown.com\\\/\"},{\"@type\":\"ListItem\",\"position\":2,\"name\":\"Reservation\"}]},{\"@type\":\"WebSite\",\"@id\":\"https:\\\/\\\/restaurantesundown.com\\\/#website\",\"url\":\"https:\\\/\\\/restaurantesundown.com\\\/\",\"name\":\"Restaurante Sundown\",\"description\":\"Just another WordPress site\",\"potentialAction\":[{\"@type\":\"SearchAction\",\"target\":{\"@type\":\"EntryPoint\",\"urlTemplate\":\"https:\\\/\\\/restaurantesundown.com\\\/?s={search_term_string}\"},\"query-input\":{\"@type\":\"PropertyValueSpecification\",\"valueRequired\":true,\"valueName\":\"search_term_string\"}}],\"inLanguage\":\"es\"}]}<\/script>\n<!-- \/ Yoast SEO plugin. -->","yoast_head_json":{"title":"Reservation - Restaurante Sundown","robots":{"index":"index","follow":"follow","max-snippet":"max-snippet:-1","max-image-preview":"max-image-preview:large","max-video-preview":"max-video-preview:-1"},"canonical":"https:\/\/restaurantesundown.com\/?page_id=12","og_locale":"es_ES","og_type":"article","og_title":"Reservation - Restaurante Sundown","og_description":"Contactenos Direcci\u00f3n Rambla del Poblenou, 85, 08005 Barcelona Correo electr\u00f3nico restaurantesundown@gmail.com Tel\u00e9fono +34653097621 Contacte con Nosotros Horario Lunes 12:00 &#8211; 23:00 Martes 12:00 &#8211; 23:00 Miercoles 12:00 &#8211; 23:00 Jueves&hellip;","og_url":"https:\/\/restaurantesundown.com\/?page_id=12","og_site_name":"Restaurante Sundown","article_modified_time":"2022-11-22T10:01:37+00:00","twitter_card":"summary_large_image","twitter_misc":{"Tiempo de lectura":"1 minuto"},"schema":{"@context":"https:\/\/schema.org","@graph":[{"@type":"WebPage","@id":"https:\/\/restaurantesundown.com\/?page_id=12","url":"https:\/\/restaurantesundown.com\/?page_id=12","name":"Reservation - Restaurante Sundown","isPartOf":{"@id":"https:\/\/restaurantesundown.com\/#website"},"datePublished":"2019-10-22T06:59:27+00:00","dateModified":"2022-11-22T10:01:37+00:00","breadcrumb":{"@id":"https:\/\/restaurantesundown.com\/?page_id=12#breadcrumb"},"inLanguage":"es","potentialAction":[{"@type":"ReadAction","target":["https:\/\/restaurantesundown.com\/?page_id=12"]}]},{"@type":"BreadcrumbList","@id":"https:\/\/restaurantesundown.com\/?page_id=12#breadcrumb","itemListElement":[{"@type":"ListItem","position":1,"name":"Portada","item":"https:\/\/restaurantesundown.com\/"},{"@type":"ListItem","position":2,"name":"Reservation"}]},{"@type":"WebSite","@id":"https:\/\/restaurantesundown.com\/#website","url":"https:\/\/restaurantesundown.com\/","name":"Restaurante Sundown","description":"Just another WordPress site","potentialAction":[{"@type":"SearchAction","target":{"@type":"EntryPoint","urlTemplate":"https:\/\/restaurantesundown.com\/?s={search_term_string}"},"query-input":{"@type":"PropertyValueSpecification","valueRequired":true,"valueName":"search_term_string"}}],"inLanguage":"es"}]}},"jetpack_sharing_enabled":true,"_links":{"self":[{"href":"https:\/\/restaurantesundown.com\/index.php?rest_route=\/wp\/v2\/pages\/12","targetHints":{"allow":["GET"]}}],"collection":[{"href":"https:\/\/restaurantesundown.com\/index.php?rest_route=\/wp\/v2\/pages"}],"about":[{"href":"https:\/\/restaurantesundown.com\/index.php?rest_route=\/wp\/v2\/types\/page"}],"author":[{"embeddable":true,"href":"https:\/\/restaurantesundown.com\/index.php?rest_route=\/wp\/v2\/users\/1"}],"replies":[{"embeddable":true,"href":"https:\/\/restaurantesundown.com\/index.php?rest_route=%2Fwp%2Fv2%2Fcomments&post=12"}],"version-history":[{"count":15,"href":"https:\/\/restaurantesundown.com\/index.php?rest_route=\/wp\/v2\/pages\/12\/revisions"}],"predecessor-version":[{"id":291,"href":"https:\/\/restaurantesundown.com\/index.php?rest_route=\/wp\/v2\/pages\/12\/revisions\/291"}],"wp:attachment":[{"href":"https:\/\/restaurantesundown.com\/index.php?rest_route=%2Fwp%2Fv2%2Fmedia&parent=12"}],"curies":[{"name":"wp","href":"https:\/\/api.w.org\/{rel}","templated":true}]}}